{"id":2085,"date":"2023-03-11T11:00:45","date_gmt":"2023-03-11T11:00:45","guid":{"rendered":"http:\/\/properties.france-room.test\/?page_id=2085"},"modified":"2023-04-30T00:58:53","modified_gmt":"2023-04-30T00:58:53","slug":"connexion","status":"publish","type":"page","link":"https:\/\/properties.france-room.fr\/en\/connexion","title":{"rendered":"Login"},"content":{"rendered":"<div data-elementor-type=\"wp-page\" data-elementor-id=\"2085\" class=\"elementor elementor-2085\">\n\t\t\t\t\t\t\t\t\t<section class=\"elementor-section elementor-top-section elementor-element elementor-element-b81e624 elementor-section-height-min-height elementor-section-boxed elementor-section-height-default elementor-section-items-middle\" data-id=\"b81e624\" data-element_type=\"section\" data-settings=\"{&quot;jet_parallax_layout_list&quot;:[],&quot;background_background&quot;:&quot;gradient&quot;,&quot;shape_divider_bottom&quot;:&quot;tilt&quot;}\">\n\t\t\t\t\t<div class=\"elementor-shape elementor-shape-bottom\" data-negative=\"false\">\n\t\t\t<svg xmlns=\"http:\/\/www.w3.org\/2000\/svg\" viewbox=\"0 0 1000 100\" preserveaspectratio=\"none\">\n\t<path class=\"elementor-shape-fill\" d=\"M0,6V0h1000v100L0,6z\"\/>\n<\/svg>\t\t<\/div>\n\t\t\t\t\t<div class=\"elementor-container elementor-column-gap-default\">\n\t\t\t\t\t<div class=\"elementor-column elementor-col-100 elementor-top-column elementor-element elementor-element-81a73b0\" data-id=\"81a73b0\" data-element_type=\"column\">\n\t\t\t<div class=\"elementor-widget-wrap elementor-element-populated\">\n\t\t\t\t\t\t\t\t<div class=\"elementor-element elementor-element-8028ec2 elementor-widget elementor-widget-heading\" data-id=\"8028ec2\" data-element_type=\"widget\" data-widget_type=\"heading.default\">\n\t\t\t\t<div class=\"elementor-widget-container\">\n\t\t\t<style>\/*! elementor - v3.13.3 - 28-05-2023 *\/\n.elementor-heading-title{padding:0;margin:0;line-height:1}.elementor-widget-heading .elementor-heading-title[class*=elementor-size-]>a{color:inherit;font-size:inherit;line-height:inherit}.elementor-widget-heading .elementor-heading-title.elementor-size-small{font-size:15px}.elementor-widget-heading .elementor-heading-title.elementor-size-medium{font-size:19px}.elementor-widget-heading .elementor-heading-title.elementor-size-large{font-size:29px}.elementor-widget-heading .elementor-heading-title.elementor-size-xl{font-size:39px}.elementor-widget-heading .elementor-heading-title.elementor-size-xxl{font-size:59px}<\/style><h2 class=\"elementor-heading-title elementor-size-default\">Owner dashboard<\/h2>\t\t<\/div>\n\t\t\t\t<\/div>\n\t\t\t\t\t<\/div>\n\t\t<\/div>\n\t\t\t\t\t\t\t<\/div>\n\t\t<\/section>\n\t\t\t\t<section class=\"elementor-section elementor-top-section elementor-element elementor-element-fad58b9 elementor-section-boxed elementor-section-height-default elementor-section-height-default\" data-id=\"fad58b9\" data-element_type=\"section\" data-settings=\"{&quot;jet_parallax_layout_list&quot;:[]}\">\n\t\t\t\t\t\t<div class=\"elementor-container elementor-column-gap-default\">\n\t\t\t\t\t<div class=\"elementor-column elementor-col-100 elementor-top-column elementor-element elementor-element-5bfdff8\" data-id=\"5bfdff8\" data-element_type=\"column\">\n\t\t\t<div class=\"elementor-widget-wrap elementor-element-populated\">\n\t\t\t\t\t\t\t\t<section class=\"elementor-section elementor-inner-section elementor-element elementor-element-1ab035b elementor-section-boxed elementor-section-height-default elementor-section-height-default\" data-id=\"1ab035b\" data-element_type=\"section\" data-settings=\"{&quot;jet_parallax_layout_list&quot;:[]}\">\n\t\t\t\t\t\t<div class=\"elementor-container elementor-column-gap-default\">\n\t\t\t\t\t<div class=\"elementor-column elementor-col-50 elementor-inner-column elementor-element elementor-element-2697bd0\" data-id=\"2697bd0\" data-element_type=\"column\">\n\t\t\t<div class=\"elementor-widget-wrap elementor-element-populated\">\n\t\t\t\t\t\t\t\t<div class=\"elementor-element elementor-element-1023531 elementor-widget elementor-widget-heading\" data-id=\"1023531\" data-element_type=\"widget\" data-widget_type=\"heading.default\">\n\t\t\t\t<div class=\"elementor-widget-container\">\n\t\t\t<h4 class=\"elementor-heading-title elementor-size-default\">D\u00e9j\u00e0 inscrit ?<\/h4>\t\t<\/div>\n\t\t\t\t<\/div>\n\t\t\t\t<div class=\"elementor-element elementor-element-532733d elementor-widget elementor-widget-heading\" data-id=\"532733d\" data-element_type=\"widget\" data-widget_type=\"heading.default\">\n\t\t\t\t<div class=\"elementor-widget-container\">\n\t\t\t<h2 class=\"elementor-heading-title elementor-size-default\">Identifiez-vous<\/h2>\t\t<\/div>\n\t\t\t\t<\/div>\n\t\t\t\t<div class=\"elementor-element elementor-element-2b6e3df elementor-widget elementor-widget-shortcode\" data-id=\"2b6e3df\" data-element_type=\"widget\" data-widget_type=\"shortcode.default\">\n\t\t\t\t<div class=\"elementor-widget-container\">\n\t\t\t\t\t<div class=\"elementor-shortcode\"><div class=\"forminator-ui forminator-custom-form forminator-custom-form-4475 forminator-design--default\" data-forminator-render=\"0\" data-form=\"forminator-module-4475\" data-uid=\"69f41293be2ff\"><br\/><\/div><form\n\t\t\t\tid=\"forminator-module-4475\"\n\t\t\t\tclass=\"forminator-ui forminator-custom-form forminator-custom-form-4475 forminator-design--default\"\n\t\t\t\tmethod=\"post\"\n\t\t\t\tdata-forminator-render=\"0\"\n\t\t\t\tdata-form-id=\"4475\"\n\t\t\t\t\n\t\t\t\tdata-design=\"default\"\n\t\t\t\t\n\t\t\t\t\n\t\t\t\t\n\t\t\t\tdata-grid=\"open\"\n\t\t\t\t\n\t\t\t\t\n\t\t\t\tstyle=\"display: none;\"\n\t\t\t\t\n\t\t\t\tdata-uid=\"69f41293be2ff\" action=\"\"\n\t\t\t><div class=\"forminator-response-message forminator-error\" aria-hidden=\"true\"><\/div><div class=\"forminator-row\"><div id=\"text-1\" class=\"forminator-col forminator-col-12\"><div class=\"forminator-field\"><label for=\"forminator-field-text-1_69f41293be2ff\" class=\"forminator-label\">Nom d\u2019utilisateur ou adresse e-mail <span class=\"forminator-required\">*<\/span><\/label><input type=\"text\" name=\"text-1\" value=\"\" placeholder=\"Saisissez votre nom d\u2019utilisateur ou votre adresse e-mail\" id=\"forminator-field-text-1_69f41293be2ff\" class=\"forminator-input forminator-name--field\" data-required=\"true\" \/><\/div><\/div><\/div><div class=\"forminator-row\"><div id=\"password-1\" class=\"forminator-col forminator-col-12\"><div class=\"forminator-field\"><label for=\"forminator-field-password-1_69f41293be2ff\" class=\"forminator-label\">Mot de passe <span class=\"forminator-required\">*<\/span><\/label><input name=\"password-1\" value=\"\" placeholder=\"Saisissez votre mot de passe\" id=\"forminator-field-password-1_69f41293be2ff\" class=\"forminator-input forminator-name--field\" data-required=\"true\" type=\"password\" \/><\/div><div class=\"forminator-description forminator-description-password\"><a href=\"http:\/\/properties.france-room.test\/wp-login.php?action=lostpassword&amp;redirect_to\" title=\"Lost Password\" target=\"_blank\">Mot de passe oubli\u00e9\u00a0?<\/a><\/div><\/div><\/div><div class=\"forminator-row\"><div id=\"checkbox-1\" class=\"forminator-col forminator-col-12  remember-me\"><div role=\"group\" class=\"forminator-field\" aria-labelledby=\"forminator-checkbox-group-69f41293be2ff-label\"><label for=\"forminator-field-checkbox-1-1-69f41293be2ff\" class=\"forminator-checkbox\" title=\"Remember Me\"><input type=\"checkbox\" name=\"checkbox-1[]\" value=\"remember-me\" id=\"forminator-field-checkbox-1-1-69f41293be2ff\" data-calculation=\"0\"   aria-describedby=\"forminator-field-checkbox-1-69f41293be2ff-description\"\/><span class=\"forminator-checkbox-box\" aria-hidden=\"true\"><\/span><span class=\"forminator-checkbox-label\">Remember Me<\/span><\/label><\/div><\/div><\/div><input type=\"hidden\" name=\"referer_url\" value=\"\" \/><div class=\"forminator-row forminator-row-last\"><div class=\"forminator-col\"><div class=\"forminator-field\"><button class=\"forminator-button forminator-button-submit\">Se connecter<\/button><\/div><\/div><\/div><input type=\"hidden\" id=\"forminator_nonce\" name=\"forminator_nonce\" value=\"3530da4833\" \/><input type=\"hidden\" name=\"_wp_http_referer\" value=\"\/en\/wp-json\/wp\/v2\/pages\/2085\" \/><input type=\"hidden\" name=\"form_id\" value=\"4475\"><input type=\"hidden\" name=\"page_id\" value=\"2085\"><input type=\"hidden\" name=\"form_type\" value=\"login\"><input type=\"hidden\" name=\"current_url\" value=\"https:\/\/properties.france-room.fr\/en\/connexion\"><input type=\"hidden\" name=\"render_id\" value=\"0\"><input type=\"hidden\" name=\"redirect_to\" value=\"http:\/\/properties.france-room.test\/wp-admin\/\"><input type=\"hidden\" name=\"action\" value=\"forminator_submit_form_custom-forms\"><label for=\"input_3\" class=\"forminator-hidden\" aria-hidden=\"true\">Please do not fill in this field. <input id=\"input_3\" type=\"text\" name=\"input_3\" value=\"\" autocomplete=\"off\"><\/label><input type=\"hidden\" name=\"trp-form-language\" value=\"en\"\/><\/form><\/div>\n\t\t\t\t<\/div>\n\t\t\t\t<\/div>\n\t\t\t\t\t<\/div>\n\t\t<\/div>\n\t\t\t\t<div class=\"elementor-column elementor-col-50 elementor-inner-column elementor-element elementor-element-6af6143\" data-id=\"6af6143\" data-element_type=\"column\">\n\t\t\t<div class=\"elementor-widget-wrap elementor-element-populated\">\n\t\t\t\t\t\t\t\t<div class=\"elementor-element elementor-element-20848d3 elementor-widget elementor-widget-heading\" data-id=\"20848d3\" data-element_type=\"widget\" data-widget_type=\"heading.default\">\n\t\t\t\t<div class=\"elementor-widget-container\">\n\t\t\t<h4 class=\"elementor-heading-title elementor-size-default\">Nouveau sur le site ?<\/h4>\t\t<\/div>\n\t\t\t\t<\/div>\n\t\t\t\t<div class=\"elementor-element elementor-element-0c24a91 elementor-widget elementor-widget-heading\" data-id=\"0c24a91\" data-element_type=\"widget\" data-widget_type=\"heading.default\">\n\t\t\t\t<div class=\"elementor-widget-container\">\n\t\t\t<h2 class=\"elementor-heading-title elementor-size-default\">Inscription<\/h2>\t\t<\/div>\n\t\t\t\t<\/div>\n\t\t\t\t<div class=\"elementor-element elementor-element-fec1c7d elementor-widget elementor-widget-shortcode\" data-id=\"fec1c7d\" data-element_type=\"widget\" data-widget_type=\"shortcode.default\">\n\t\t\t\t<div class=\"elementor-widget-container\">\n\t\t\t\t\t<div class=\"elementor-shortcode\"><div class=\"forminator-ui forminator-custom-form forminator-custom-form-4401 forminator-design--default\" data-forminator-render=\"0\" data-form=\"forminator-module-4401\" data-uid=\"69f41293ccc5e\"><br\/><\/div><form\n\t\t\t\tid=\"forminator-module-4401\"\n\t\t\t\tclass=\"forminator-ui forminator-custom-form forminator-custom-form-4401 forminator-design--default\"\n\t\t\t\tmethod=\"post\"\n\t\t\t\tdata-forminator-render=\"0\"\n\t\t\t\tdata-form-id=\"4401\"\n\t\t\t\t\n\t\t\t\tdata-design=\"default\"\n\t\t\t\t\n\t\t\t\t\n\t\t\t\t\n\t\t\t\tdata-grid=\"open\"\n\t\t\t\t\n\t\t\t\t\n\t\t\t\tstyle=\"display: none;\"\n\t\t\t\t\n\t\t\t\tdata-uid=\"69f41293ccc5e\" action=\"\"\n\t\t\t><div class=\"forminator-response-message forminator-error\" aria-hidden=\"true\"><\/div><div class=\"forminator-row\"><div id=\"text-1\" class=\"forminator-col forminator-col-12\"><div class=\"forminator-field\"><label for=\"forminator-field-text-1_69f41293ccc5e\" class=\"forminator-label\">Nom d\u2019utilisateur <span class=\"forminator-required\">*<\/span><\/label><input type=\"text\" name=\"text-1\" value=\"\" placeholder=\"Enter username\" id=\"forminator-field-text-1_69f41293ccc5e\" class=\"forminator-input forminator-name--field\" data-required=\"true\" \/><\/div><\/div><\/div><div class=\"forminator-row\"><div id=\"email-1\" class=\"forminator-col forminator-col-12\"><div class=\"forminator-field\"><label for=\"forminator-field-email-1_69f41293ccc5e\" class=\"forminator-label\">E-mail <span class=\"forminator-required\">*<\/span><\/label><input type=\"email\" name=\"email-1\" value=\"\" placeholder=\"Par exemple\u00a0: jacques@martin.com\" id=\"forminator-field-email-1_69f41293ccc5e\" class=\"forminator-input forminator-email--field\" data-required=\"true\" aria-required=\"true\" \/><\/div><\/div><\/div><div class=\"forminator-row\"><div id=\"password-1\" class=\"forminator-col forminator-col-12\"><div class=\"forminator-field\"><label for=\"forminator-field-password-1_69f41293ccc5e\" class=\"forminator-label\">Mot de passe <span class=\"forminator-required\">*<\/span><\/label><input name=\"password-1\" value=\"\" placeholder=\"Saisissez votre mot de passe\" id=\"forminator-field-password-1_69f41293ccc5e\" class=\"forminator-input forminator-name--field\" data-required=\"true\" type=\"password\" \/><\/div><\/div><\/div><div class=\"forminator-row\"><div class=\"forminator-col forminator-col-12\"><div class=\"forminator-field\"><label for=\"forminator-field-confirm_password-1_69f41293ccc5e\" class=\"forminator-label\">Confirmez le mot de passe <span class=\"forminator-required\">*<\/span><\/label><input name=\"confirm_password-1\" value=\"\" placeholder=\"Confirmer le nouveau mot de passe\" id=\"forminator-field-confirm_password-1_69f41293ccc5e\" class=\"forminator-input forminator-name--field\" data-required=\"true\" type=\"password\" \/><\/div><\/div><\/div><div class=\"forminator-row\"><div id=\"consent-1\" class=\"forminator-col forminator-col-12\"><div class=\"forminator-field\"><label for=\"forminator-field-consent-1_69f41293ccc5e\" class=\"forminator-label\">Consentement <span class=\"forminator-required\">*<\/span><\/label><div class=\"forminator-checkbox__wrapper\"><label for=\"forminator-field-consent-1_69f41293ccc5e\" class=\"forminator-checkbox\" style=\"margin: 0;\" aria-labelledby=\"forminator-field-consent-1_69f41293ccc5e__label\"><input type=\"checkbox\" name=\"consent-1\" value=\"checked\" id=\"forminator-field-consent-1_69f41293ccc5e\" data-required=\"true\" aria-required=\"true\" \/><span class=\"forminator-checkbox-box\" aria-hidden=\"true\"><\/span><\/label><div id=\"forminator-field-consent-1_69f41293ccc5e__label\" class=\"forminator-checkbox__label\">Oui, j\u2019accepte la <a href=\"#\" target=\"_blank\">politique de confidentialit\u00e9<\/a> et les <a href=\"#\" target=\"_blank\">conditions g\u00e9n\u00e9rales<\/a>.<\/div><\/div><\/div><\/div><\/div><input type=\"hidden\" name=\"referer_url\" value=\"\" \/><div class=\"forminator-row forminator-row-last\"><div class=\"forminator-col\"><div class=\"forminator-field\"><button class=\"forminator-button forminator-button-submit\">S&rsquo;inscrire<\/button><\/div><\/div><\/div><input type=\"hidden\" id=\"forminator_nonce\" name=\"forminator_nonce\" value=\"3530da4833\" \/><input type=\"hidden\" name=\"_wp_http_referer\" value=\"\/en\/wp-json\/wp\/v2\/pages\/2085\" \/><input type=\"hidden\" name=\"form_id\" value=\"4401\"><input type=\"hidden\" name=\"page_id\" value=\"2085\"><input type=\"hidden\" name=\"form_type\" value=\"registration\"><input type=\"hidden\" name=\"current_url\" value=\"https:\/\/properties.france-room.fr\/en\/connexion\"><input type=\"hidden\" name=\"render_id\" value=\"0\"><input type=\"hidden\" name=\"action\" value=\"forminator_submit_form_custom-forms\"><input type=\"hidden\" name=\"trp-form-language\" value=\"en\"\/><\/form><\/div>\n\t\t\t\t<\/div>\n\t\t\t\t<\/div>\n\t\t\t\t\t<\/div>\n\t\t<\/div>\n\t\t\t\t\t\t\t<\/div>\n\t\t<\/section>\n\t\t\t\t\t<\/div>\n\t\t<\/div>\n\t\t\t\t\t\t\t<\/div>\n\t\t<\/section>\n\t\t\t\t\t\t\t<\/div>","protected":false},"excerpt":{"rendered":"<p>Espace propri\u00e9taire D\u00e9j\u00e0 inscrit ? Identifiez-vous Nouveau sur le site ? Inscription<\/p>","protected":false},"author":1,"featured_media":0,"parent":0,"menu_order":0,"comment_status":"closed","ping_status":"closed","template":"","meta":{"_jet_sm_ready_style":"","_jet_sm_style":"","_jet_sm_controls_values":"","_jet_sm_fonts_collection":"","_jet_sm_fonts_links":"","footnotes":""},"class_list":["post-2085","page","type-page","status-publish","hentry"],"yoast_head":"<!-- This site is optimized with the Yoast SEO plugin v26.0 - https:\/\/yoast.com\/wordpress\/plugins\/seo\/ -->\n<title>Connexion - FRANCE ROOM<\/title>\n<meta name=\"robots\" content=\"index, follow, max-snippet:-1, max-image-preview:large, max-video-preview:-1\" \/>\n<link rel=\"canonical\" href=\"https:\/\/properties.france-room.fr\/en\/connexion\/\" \/>\n<meta property=\"og:locale\" content=\"en_GB\" \/>\n<meta property=\"og:type\" content=\"article\" \/>\n<meta property=\"og:title\" content=\"Connexion - FRANCE ROOM\" \/>\n<meta property=\"og:description\" content=\"Espace propri\u00e9taire D\u00e9j\u00e0 inscrit ? Identifiez-vous Nouveau sur le site ? Inscription\" \/>\n<meta property=\"og:url\" content=\"https:\/\/properties.france-room.fr\/en\/connexion\/\" \/>\n<meta property=\"og:site_name\" content=\"FRANCE ROOM\" \/>\n<meta property=\"article:publisher\" content=\"https:\/\/fb.me\/FranceRoom.SARL\" \/>\n<meta property=\"article:modified_time\" content=\"2023-04-30T00:58:53+00:00\" \/>\n<meta name=\"twitter:card\" content=\"summary_large_image\" \/>\n<meta name=\"twitter:label1\" content=\"Estimated reading time\" \/>\n\t<meta name=\"twitter:data1\" content=\"1 minute\" \/>\n<script type=\"application\/ld+json\" class=\"yoast-schema-graph\">{\"@context\":\"https:\/\/schema.org\",\"@graph\":[{\"@type\":\"WebPage\",\"@id\":\"https:\/\/properties.france-room.fr\/connexion\",\"url\":\"https:\/\/properties.france-room.fr\/connexion\",\"name\":\"Connexion - FRANCE ROOM\",\"isPartOf\":{\"@id\":\"https:\/\/properties.france-room.fr\/#website\"},\"datePublished\":\"2023-03-11T11:00:45+00:00\",\"dateModified\":\"2023-04-30T00:58:53+00:00\",\"inLanguage\":\"en-GB\",\"potentialAction\":[{\"@type\":\"ReadAction\",\"target\":[\"https:\/\/properties.france-room.fr\/connexion\"]}]},{\"@type\":\"WebSite\",\"@id\":\"https:\/\/properties.france-room.fr\/#website\",\"url\":\"https:\/\/properties.france-room.fr\/\",\"name\":\"France Room\",\"description\":\"Agence immobili\u00e8re : Airbnb, colocation, bail mobilit\u00e9 et longue dur\u00e9e, Transaction\",\"publisher\":{\"@id\":\"https:\/\/properties.france-room.fr\/#organization\"},\"potentialAction\":[{\"@type\":\"SearchAction\",\"target\":{\"@type\":\"EntryPoint\",\"urlTemplate\":\"https:\/\/properties.france-room.fr\/?s={search_term_string}\"},\"query-input\":{\"@type\":\"PropertyValueSpecification\",\"valueRequired\":true,\"valueName\":\"search_term_string\"}}],\"inLanguage\":\"en-GB\"},{\"@type\":\"Organization\",\"@id\":\"https:\/\/properties.france-room.fr\/#organization\",\"name\":\"France Room\",\"url\":\"https:\/\/properties.france-room.fr\/\",\"logo\":{\"@type\":\"ImageObject\",\"inLanguage\":\"en-GB\",\"@id\":\"https:\/\/properties.france-room.fr\/#\/schema\/logo\/image\/\",\"url\":\"https:\/\/properties.france-room.fr\/wp-content\/uploads\/2023\/12\/FRANCE-ROOM.png\",\"contentUrl\":\"https:\/\/properties.france-room.fr\/wp-content\/uploads\/2023\/12\/FRANCE-ROOM.png\",\"width\":1100,\"height\":509,\"caption\":\"France Room\"},\"image\":{\"@id\":\"https:\/\/properties.france-room.fr\/#\/schema\/logo\/image\/\"},\"sameAs\":[\"https:\/\/fb.me\/FranceRoom.SARL\",\"https:\/\/www.instagram.com\/franceroomsarl\/\",\"https:\/\/linkedin.com\/company\/france-room\"]}]}<\/script>\n<!-- \/ Yoast SEO plugin. -->","yoast_head_json":{"title":"Connexion - FRANCE ROOM","robots":{"index":"index","follow":"follow","max-snippet":"max-snippet:-1","max-image-preview":"max-image-preview:large","max-video-preview":"max-video-preview:-1"},"canonical":"https:\/\/properties.france-room.fr\/en\/connexion\/","og_locale":"en_GB","og_type":"article","og_title":"Connexion - FRANCE ROOM","og_description":"Espace propri\u00e9taire D\u00e9j\u00e0 inscrit ? Identifiez-vous Nouveau sur le site ? Inscription","og_url":"https:\/\/properties.france-room.fr\/en\/connexion\/","og_site_name":"FRANCE ROOM","article_publisher":"https:\/\/fb.me\/FranceRoom.SARL","article_modified_time":"2023-04-30T00:58:53+00:00","twitter_card":"summary_large_image","twitter_misc":{"Estimated reading time":"1 minute"},"schema":{"@context":"https:\/\/schema.org","@graph":[{"@type":"WebPage","@id":"https:\/\/properties.france-room.fr\/connexion","url":"https:\/\/properties.france-room.fr\/connexion","name":"Connexion - FRANCE ROOM","isPartOf":{"@id":"https:\/\/properties.france-room.fr\/#website"},"datePublished":"2023-03-11T11:00:45+00:00","dateModified":"2023-04-30T00:58:53+00:00","inLanguage":"en-GB","potentialAction":[{"@type":"ReadAction","target":["https:\/\/properties.france-room.fr\/connexion"]}]},{"@type":"WebSite","@id":"https:\/\/properties.france-room.fr\/#website","url":"https:\/\/properties.france-room.fr\/","name":"France Room","description":"Agence immobili\u00e8re : Airbnb, colocation, bail mobilit\u00e9 et longue dur\u00e9e, Transaction","publisher":{"@id":"https:\/\/properties.france-room.fr\/#organization"},"potentialAction":[{"@type":"SearchAction","target":{"@type":"EntryPoint","urlTemplate":"https:\/\/properties.france-room.fr\/?s={search_term_string}"},"query-input":{"@type":"PropertyValueSpecification","valueRequired":true,"valueName":"search_term_string"}}],"inLanguage":"en-GB"},{"@type":"Organization","@id":"https:\/\/properties.france-room.fr\/#organization","name":"France Room","url":"https:\/\/properties.france-room.fr\/","logo":{"@type":"ImageObject","inLanguage":"en-GB","@id":"https:\/\/properties.france-room.fr\/#\/schema\/logo\/image\/","url":"https:\/\/properties.france-room.fr\/wp-content\/uploads\/2023\/12\/FRANCE-ROOM.png","contentUrl":"https:\/\/properties.france-room.fr\/wp-content\/uploads\/2023\/12\/FRANCE-ROOM.png","width":1100,"height":509,"caption":"France Room"},"image":{"@id":"https:\/\/properties.france-room.fr\/#\/schema\/logo\/image\/"},"sameAs":["https:\/\/fb.me\/FranceRoom.SARL","https:\/\/www.instagram.com\/franceroomsarl\/","https:\/\/linkedin.com\/company\/france-room"]}]}},"_links":{"self":[{"href":"https:\/\/properties.france-room.fr\/en\/wp-json\/wp\/v2\/pages\/2085","targetHints":{"allow":["GET"]}}],"collection":[{"href":"https:\/\/properties.france-room.fr\/en\/wp-json\/wp\/v2\/pages"}],"about":[{"href":"https:\/\/properties.france-room.fr\/en\/wp-json\/wp\/v2\/types\/page"}],"author":[{"embeddable":true,"href":"https:\/\/properties.france-room.fr\/en\/wp-json\/wp\/v2\/users\/1"}],"replies":[{"embeddable":true,"href":"https:\/\/properties.france-room.fr\/en\/wp-json\/wp\/v2\/comments?post=2085"}],"version-history":[{"count":0,"href":"https:\/\/properties.france-room.fr\/en\/wp-json\/wp\/v2\/pages\/2085\/revisions"}],"wp:attachment":[{"href":"https:\/\/properties.france-room.fr\/en\/wp-json\/wp\/v2\/media?parent=2085"}],"curies":[{"name":"wp","href":"https:\/\/api.w.org\/{rel}","templated":true}]}}