{"id":3665,"date":"2024-04-19T17:18:36","date_gmt":"2024-04-19T17:18:36","guid":{"rendered":"http:\/\/properties.france-room.test\/?page_id=3665"},"modified":"2024-04-19T17:33:20","modified_gmt":"2024-04-19T17:33:20","slug":"contactez-nous","status":"publish","type":"page","link":"https:\/\/properties.france-room.fr\/en\/contactez-nous","title":{"rendered":"Contactez-nous"},"content":{"rendered":"<div data-elementor-type=\"wp-page\" data-elementor-id=\"3665\" class=\"elementor elementor-3665\">\n\t\t\t\t\t\t\t<div class=\"elementor-element elementor-element-8a6d4f1 e-con-full e-flex e-con\" data-id=\"8a6d4f1\" data-element_type=\"container\" data-settings=\"{&quot;content_width&quot;:&quot;full&quot;,&quot;jet_parallax_layout_list&quot;:[]}\">\n\t\t<div class=\"elementor-element elementor-element-acdf8f9 e-con-boxed e-flex e-con\" data-id=\"acdf8f9\" data-element_type=\"container\" data-settings=\"{&quot;jet_parallax_layout_list&quot;:[],&quot;content_width&quot;:&quot;boxed&quot;}\">\n\t\t\t\t\t<div class=\"e-con-inner\">\n\t\t\t\t<div class=\"elementor-element elementor-element-fe4c4dd elementor-widget elementor-widget-heading\" data-id=\"fe4c4dd\" data-element_type=\"widget\" data-widget_type=\"heading.default\">\n\t\t\t\t<div class=\"elementor-widget-container\">\n\t\t\t<style>\/*! elementor - v3.13.3 - 28-05-2023 *\/\n.elementor-heading-title{padding:0;margin:0;line-height:1}.elementor-widget-heading .elementor-heading-title[class*=elementor-size-]>a{color:inherit;font-size:inherit;line-height:inherit}.elementor-widget-heading .elementor-heading-title.elementor-size-small{font-size:15px}.elementor-widget-heading .elementor-heading-title.elementor-size-medium{font-size:19px}.elementor-widget-heading .elementor-heading-title.elementor-size-large{font-size:29px}.elementor-widget-heading .elementor-heading-title.elementor-size-xl{font-size:39px}.elementor-widget-heading .elementor-heading-title.elementor-size-xxl{font-size:59px}<\/style><h2 class=\"elementor-heading-title elementor-size-default\">Contactez-nous<\/h2>\t\t<\/div>\n\t\t\t\t<\/div>\n\t\t\t\t\t<\/div>\n\t\t\t\t<\/div>\n\t\t<div class=\"elementor-element elementor-element-b014b2b e-con-boxed e-flex e-con\" data-id=\"b014b2b\" data-element_type=\"container\" data-settings=\"{&quot;jet_parallax_layout_list&quot;:[],&quot;content_width&quot;:&quot;boxed&quot;}\">\n\t\t\t\t\t<div class=\"e-con-inner\">\n\t\t\t\t<div class=\"elementor-element elementor-element-8b4c340 elementor-widget__width-initial elementor-widget elementor-widget-wpforms\" data-id=\"8b4c340\" data-element_type=\"widget\" data-widget_type=\"wpforms.default\">\n\t\t\t\t<div class=\"elementor-widget-container\">\n\t\t\t<style id=\"wpforms-css-vars-elementor-widget-8b4c340\">\n\t\t\t\t.elementor-widget-wpforms.elementor-element-8b4c340 {\n\t\t\t\t--wpforms-field-size-input-height: 50px;\n--wpforms-field-size-input-spacing: 20px;\n--wpforms-field-size-font-size: 18px;\n--wpforms-field-size-line-height: 21px;\n--wpforms-field-size-padding-h: 14px;\n--wpforms-field-size-checkbox-size: 18px;\n--wpforms-field-size-sublabel-spacing: 10px;\n--wpforms-field-size-icon-size: 1.25;\n\t\t\t}\n\t\t\t<\/style><div class=\"wpforms-container wpforms-container-full wpforms-render-modern\" id=\"wpforms-7152\"><form id=\"wpforms-form-7152\" class=\"wpforms-validate wpforms-form wpforms-ajax-form\" data-formid=\"7152\" method=\"post\" enctype=\"multipart\/form-data\" action=\"\/en\/wp-json\/wp\/v2\/pages\/3665\" data-token=\"74bb81c8a4d7d02980556ed6c7fefff4\" data-token-time=\"1777606173\" data-trp-original-action=\"\/en\/wp-json\/wp\/v2\/pages\/3665\"><noscript class=\"wpforms-error-noscript\">Please enable JavaScript in your browser to complete this form.<\/noscript><div id=\"wpforms-error-noscript\" style=\"display: none;\">Please enable JavaScript in your browser to complete this form.<\/div><div class=\"wpforms-field-container\"><div id=\"wpforms-7152-field_11-container\" class=\"wpforms-field wpforms-field-text\" data-field-id=\"11\"><label class=\"wpforms-field-label\" for=\"wpforms-7152-field_11\"> H\u00e9bergement<\/label><input type=\"text\" id=\"wpforms-7152-field_11\" class=\"wpforms-field-medium\" name=\"wpforms[fields][11]\" aria-errormessage=\"wpforms-7152-field_11-error\" ><\/div><div id=\"wpforms-7152-field_7-container\" class=\"wpforms-field wpforms-field-text\" data-field-id=\"7\"><label class=\"wpforms-field-label\" for=\"wpforms-7152-field_7\"> Nom <span class=\"wpforms-required-label\" aria-hidden=\"true\">*<\/span><\/label><input type=\"text\" id=\"wpforms-7152-field_7\" class=\"wpforms-field-medium wpforms-field-required\" name=\"wpforms[fields][7]\" aria-errormessage=\"wpforms-7152-field_7-error\" required><\/div><div id=\"wpforms-7152-field_3-container\" class=\"wpforms-field wpforms-field-text\" data-field-id=\"3\"><label class=\"wpforms-field-label\" for=\"wpforms-7152-field_3\"> Pr\u00e9nom<\/label><input type=\"text\" id=\"wpforms-7152-field_3\" class=\"wpforms-field-medium\" name=\"wpforms[fields][3]\" aria-errormessage=\"wpforms-7152-field_3-error\" ><\/div><div id=\"wpforms-7152-field_5-container\" class=\"wpforms-field wpforms-field-number\" data-field-id=\"5\"><label class=\"wpforms-field-label\" for=\"wpforms-7152-field_5\">T\u00e9l\u00e9phone<\/label><input type=\"number\" id=\"wpforms-7152-field_5\" class=\"wpforms-field-medium\" name=\"wpforms[fields][5]\" step=\"any\" aria-errormessage=\"wpforms-7152-field_5-error\" ><\/div><div id=\"wpforms-7152-field_1-container\" class=\"wpforms-field wpforms-field-email\" data-field-id=\"1\"><label class=\"wpforms-field-label\" for=\"wpforms-7152-field_1\">E-mail <span class=\"wpforms-required-label\" aria-hidden=\"true\">*<\/span><\/label><input type=\"email\" id=\"wpforms-7152-field_1\" class=\"wpforms-field-medium wpforms-field-required\" name=\"wpforms[fields][1]\" spellcheck=\"false\" aria-errormessage=\"wpforms-7152-field_1-error\" required><\/div><div id=\"wpforms-7152-field_2-container\" class=\"wpforms-field wpforms-field-textarea\" data-field-id=\"2\"><label class=\"wpforms-field-label\" for=\"wpforms-7152-field_2\">Message<\/label><textarea id=\"wpforms-7152-field_2\" class=\"wpforms-field-medium\" name=\"wpforms[fields][2]\" aria-errormessage=\"wpforms-7152-field_2-error\" ><\/textarea><\/div><\/div><!-- .wpforms-field-container --><div class=\"wpforms-submit-container\" ><input type=\"hidden\" name=\"wpforms[id]\" value=\"7152\"><input type=\"hidden\" name=\"page_title\" value=\"\"><input type=\"hidden\" name=\"page_url\" value=\"https:\/\/properties.france-room.fr\/en\/wp-json\/wp\/v2\/pages\/3665\"><input type=\"hidden\" name=\"url_referer\" value=\"\"><button type=\"submit\" name=\"wpforms[submit]\" id=\"wpforms-submit-7152\" class=\"wpforms-submit\" data-alt-text=\"Envoi...\" data-submit-text=\"Envoyer\" aria-live=\"assertive\" value=\"wpforms-submit\">Send<\/button><img loading=\"lazy\" decoding=\"async\" src=\"https:\/\/properties.france-room.fr\/wp-content\/plugins\/wpforms-lite\/assets\/images\/submit-spin.svg\" class=\"wpforms-submit-spinner\" style=\"display: none;\" width=\"26\" height=\"26\" alt=\"Loading\"><\/div><input type=\"hidden\" name=\"trp-form-language\" value=\"en\"\/><\/form><\/div>  <!-- .wpforms-container -->\t\t<\/div>\n\t\t\t\t<\/div>\n\t\t\t\t\t<\/div>\n\t\t\t\t<\/div>\n\t\t\t\t<\/div>\n\t\t\t\t\t\t\t<\/div>","protected":false},"excerpt":{"rendered":"<p>Contactez-nous Veuillez activer JavaScript dans votre navigateur pour remplir ce formulaire.Veuillez activer JavaScript dans votre navigateur pour remplir ce formulaire. Nom Pr\u00e9nomT\u00e9l\u00e9phoneE-mail *Message Envoyer<\/p>","protected":false},"author":1,"featured_media":0,"parent":0,"menu_order":0,"comment_status":"closed","ping_status":"closed","template":"","meta":{"_jet_sm_ready_style":"","_jet_sm_style":"","_jet_sm_controls_values":"","_jet_sm_fonts_collection":"","_jet_sm_fonts_links":"","footnotes":""},"class_list":["post-3665","page","type-page","status-publish","hentry"],"yoast_head":"<!-- This site is optimized with the Yoast SEO plugin v26.0 - https:\/\/yoast.com\/wordpress\/plugins\/seo\/ -->\n<title>Contactez-nous - FRANCE ROOM<\/title>\n<meta name=\"robots\" content=\"index, follow, max-snippet:-1, max-image-preview:large, max-video-preview:-1\" \/>\n<link rel=\"canonical\" href=\"https:\/\/properties.france-room.fr\/en\/contactez-nous\/\" \/>\n<meta property=\"og:locale\" content=\"en_GB\" \/>\n<meta property=\"og:type\" content=\"article\" \/>\n<meta property=\"og:title\" content=\"Contactez-nous - FRANCE ROOM\" \/>\n<meta property=\"og:description\" content=\"Contactez-nous Veuillez activer JavaScript dans votre navigateur pour remplir ce formulaire.Veuillez activer JavaScript dans votre navigateur pour remplir ce formulaire. Nom Pr\u00e9nomT\u00e9l\u00e9phoneE-mail *Message Envoyer\" \/>\n<meta property=\"og:url\" content=\"https:\/\/properties.france-room.fr\/en\/contactez-nous\/\" \/>\n<meta property=\"og:site_name\" content=\"FRANCE ROOM\" \/>\n<meta property=\"article:publisher\" content=\"https:\/\/fb.me\/FranceRoom.SARL\" \/>\n<meta property=\"article:modified_time\" content=\"2024-04-19T17:33:20+00:00\" \/>\n<meta property=\"og:image\" content=\"https:\/\/properties.france-room.fr\/wp-content\/plugins\/wpforms-lite\/assets\/images\/submit-spin.svg\" \/>\n<meta name=\"twitter:card\" content=\"summary_large_image\" \/>\n<meta name=\"twitter:label1\" content=\"Estimated reading time\" \/>\n\t<meta name=\"twitter:data1\" content=\"1 minute\" \/>\n<script type=\"application\/ld+json\" class=\"yoast-schema-graph\">{\"@context\":\"https:\/\/schema.org\",\"@graph\":[{\"@type\":\"WebPage\",\"@id\":\"https:\/\/properties.france-room.fr\/contactez-nous\",\"url\":\"https:\/\/properties.france-room.fr\/contactez-nous\",\"name\":\"Contactez-nous - FRANCE ROOM\",\"isPartOf\":{\"@id\":\"https:\/\/properties.france-room.fr\/#website\"},\"primaryImageOfPage\":{\"@id\":\"https:\/\/properties.france-room.fr\/contactez-nous#primaryimage\"},\"image\":{\"@id\":\"https:\/\/properties.france-room.fr\/contactez-nous#primaryimage\"},\"thumbnailUrl\":\"https:\/\/properties.france-room.fr\/wp-content\/plugins\/wpforms-lite\/assets\/images\/submit-spin.svg\",\"datePublished\":\"2024-04-19T17:18:36+00:00\",\"dateModified\":\"2024-04-19T17:33:20+00:00\",\"inLanguage\":\"en-GB\",\"potentialAction\":[{\"@type\":\"ReadAction\",\"target\":[\"https:\/\/properties.france-room.fr\/contactez-nous\"]}]},{\"@type\":\"ImageObject\",\"inLanguage\":\"en-GB\",\"@id\":\"https:\/\/properties.france-room.fr\/contactez-nous#primaryimage\",\"url\":\"https:\/\/properties.france-room.fr\/wp-content\/plugins\/wpforms-lite\/assets\/images\/submit-spin.svg\",\"contentUrl\":\"https:\/\/properties.france-room.fr\/wp-content\/plugins\/wpforms-lite\/assets\/images\/submit-spin.svg\"},{\"@type\":\"WebSite\",\"@id\":\"https:\/\/properties.france-room.fr\/#website\",\"url\":\"https:\/\/properties.france-room.fr\/\",\"name\":\"France Room\",\"description\":\"Agence immobili\u00e8re : Airbnb, colocation, bail mobilit\u00e9 et longue dur\u00e9e, Transaction\",\"publisher\":{\"@id\":\"https:\/\/properties.france-room.fr\/#organization\"},\"potentialAction\":[{\"@type\":\"SearchAction\",\"target\":{\"@type\":\"EntryPoint\",\"urlTemplate\":\"https:\/\/properties.france-room.fr\/?s={search_term_string}\"},\"query-input\":{\"@type\":\"PropertyValueSpecification\",\"valueRequired\":true,\"valueName\":\"search_term_string\"}}],\"inLanguage\":\"en-GB\"},{\"@type\":\"Organization\",\"@id\":\"https:\/\/properties.france-room.fr\/#organization\",\"name\":\"France Room\",\"url\":\"https:\/\/properties.france-room.fr\/\",\"logo\":{\"@type\":\"ImageObject\",\"inLanguage\":\"en-GB\",\"@id\":\"https:\/\/properties.france-room.fr\/#\/schema\/logo\/image\/\",\"url\":\"https:\/\/properties.france-room.fr\/wp-content\/uploads\/2023\/12\/FRANCE-ROOM.png\",\"contentUrl\":\"https:\/\/properties.france-room.fr\/wp-content\/uploads\/2023\/12\/FRANCE-ROOM.png\",\"width\":1100,\"height\":509,\"caption\":\"France Room\"},\"image\":{\"@id\":\"https:\/\/properties.france-room.fr\/#\/schema\/logo\/image\/\"},\"sameAs\":[\"https:\/\/fb.me\/FranceRoom.SARL\",\"https:\/\/www.instagram.com\/franceroomsarl\/\",\"https:\/\/linkedin.com\/company\/france-room\"]}]}<\/script>\n<!-- \/ Yoast SEO plugin. -->","yoast_head_json":{"title":"Contactez-nous - FRANCE ROOM","robots":{"index":"index","follow":"follow","max-snippet":"max-snippet:-1","max-image-preview":"max-image-preview:large","max-video-preview":"max-video-preview:-1"},"canonical":"https:\/\/properties.france-room.fr\/en\/contactez-nous\/","og_locale":"en_GB","og_type":"article","og_title":"Contactez-nous - FRANCE ROOM","og_description":"Contactez-nous Veuillez activer JavaScript dans votre navigateur pour remplir ce formulaire.Veuillez activer JavaScript dans votre navigateur pour remplir ce formulaire. Nom Pr\u00e9nomT\u00e9l\u00e9phoneE-mail *Message Envoyer","og_url":"https:\/\/properties.france-room.fr\/en\/contactez-nous\/","og_site_name":"FRANCE ROOM","article_publisher":"https:\/\/fb.me\/FranceRoom.SARL","article_modified_time":"2024-04-19T17:33:20+00:00","og_image":[{"url":"https:\/\/properties.france-room.fr\/wp-content\/plugins\/wpforms-lite\/assets\/images\/submit-spin.svg","type":"","width":"","height":""}],"twitter_card":"summary_large_image","twitter_misc":{"Estimated reading time":"1 minute"},"schema":{"@context":"https:\/\/schema.org","@graph":[{"@type":"WebPage","@id":"https:\/\/properties.france-room.fr\/contactez-nous","url":"https:\/\/properties.france-room.fr\/contactez-nous","name":"Contactez-nous - FRANCE ROOM","isPartOf":{"@id":"https:\/\/properties.france-room.fr\/#website"},"primaryImageOfPage":{"@id":"https:\/\/properties.france-room.fr\/contactez-nous#primaryimage"},"image":{"@id":"https:\/\/properties.france-room.fr\/contactez-nous#primaryimage"},"thumbnailUrl":"https:\/\/properties.france-room.fr\/wp-content\/plugins\/wpforms-lite\/assets\/images\/submit-spin.svg","datePublished":"2024-04-19T17:18:36+00:00","dateModified":"2024-04-19T17:33:20+00:00","inLanguage":"en-GB","potentialAction":[{"@type":"ReadAction","target":["https:\/\/properties.france-room.fr\/contactez-nous"]}]},{"@type":"ImageObject","inLanguage":"en-GB","@id":"https:\/\/properties.france-room.fr\/contactez-nous#primaryimage","url":"https:\/\/properties.france-room.fr\/wp-content\/plugins\/wpforms-lite\/assets\/images\/submit-spin.svg","contentUrl":"https:\/\/properties.france-room.fr\/wp-content\/plugins\/wpforms-lite\/assets\/images\/submit-spin.svg"},{"@type":"WebSite","@id":"https:\/\/properties.france-room.fr\/#website","url":"https:\/\/properties.france-room.fr\/","name":"France Room","description":"Agence immobili\u00e8re : Airbnb, colocation, bail mobilit\u00e9 et longue dur\u00e9e, Transaction","publisher":{"@id":"https:\/\/properties.france-room.fr\/#organization"},"potentialAction":[{"@type":"SearchAction","target":{"@type":"EntryPoint","urlTemplate":"https:\/\/properties.france-room.fr\/?s={search_term_string}"},"query-input":{"@type":"PropertyValueSpecification","valueRequired":true,"valueName":"search_term_string"}}],"inLanguage":"en-GB"},{"@type":"Organization","@id":"https:\/\/properties.france-room.fr\/#organization","name":"France Room","url":"https:\/\/properties.france-room.fr\/","logo":{"@type":"ImageObject","inLanguage":"en-GB","@id":"https:\/\/properties.france-room.fr\/#\/schema\/logo\/image\/","url":"https:\/\/properties.france-room.fr\/wp-content\/uploads\/2023\/12\/FRANCE-ROOM.png","contentUrl":"https:\/\/properties.france-room.fr\/wp-content\/uploads\/2023\/12\/FRANCE-ROOM.png","width":1100,"height":509,"caption":"France Room"},"image":{"@id":"https:\/\/properties.france-room.fr\/#\/schema\/logo\/image\/"},"sameAs":["https:\/\/fb.me\/FranceRoom.SARL","https:\/\/www.instagram.com\/franceroomsarl\/","https:\/\/linkedin.com\/company\/france-room"]}]}},"_links":{"self":[{"href":"https:\/\/properties.france-room.fr\/en\/wp-json\/wp\/v2\/pages\/3665","targetHints":{"allow":["GET"]}}],"collection":[{"href":"https:\/\/properties.france-room.fr\/en\/wp-json\/wp\/v2\/pages"}],"about":[{"href":"https:\/\/properties.france-room.fr\/en\/wp-json\/wp\/v2\/types\/page"}],"author":[{"embeddable":true,"href":"https:\/\/properties.france-room.fr\/en\/wp-json\/wp\/v2\/users\/1"}],"replies":[{"embeddable":true,"href":"https:\/\/properties.france-room.fr\/en\/wp-json\/wp\/v2\/comments?post=3665"}],"version-history":[{"count":16,"href":"https:\/\/properties.france-room.fr\/en\/wp-json\/wp\/v2\/pages\/3665\/revisions"}],"predecessor-version":[{"id":7179,"href":"https:\/\/properties.france-room.fr\/en\/wp-json\/wp\/v2\/pages\/3665\/revisions\/7179"}],"wp:attachment":[{"href":"https:\/\/properties.france-room.fr\/en\/wp-json\/wp\/v2\/media?parent=3665"}],"curies":[{"name":"wp","href":"https:\/\/api.w.org\/{rel}","templated":true}]}}